{"id":39,"date":"2026-04-12T13:32:13","date_gmt":"2026-04-12T13:32:13","guid":{"rendered":"https:\/\/joachimfischer.fr\/?page_id=39"},"modified":"2026-04-13T09:56:28","modified_gmt":"2026-04-13T09:56:28","slug":"mes-publications","status":"publish","type":"page","link":"https:\/\/joachimfischer.fr\/index.php\/mes-publications\/","title":{"rendered":"Mes publications"},"content":{"rendered":"\n<p>Voici une liste de mes publications<\/p>\n\n\n<div id=\"wphal-content\"><ul id=\"wphal-menu\"><li><a href=\"#publications\" onclick=\"displayElem('publications'); return false;\" style=\"font-size:18px;text-decoration: none\">Publications<\/a><\/li><li><a href=\"#filtres\" onclick=\"return false;\" style=\"font-size:18px;text-decoration: none;cursor:default\">Metadata<\/a><ul id=\"wphal-filtres\"><li><a href=\"#disciplines\" onclick=\"displayElem('wphal-disciplines'); return false;\" style=\"margin:1px;text-decoration: none\">Domains<\/a><\/li><\/ul><\/li><\/ul><br \/><hr><div id=\"meta\">\n        <div class=\"display\" id=\"wphal-contact\" style=\"display: none\">\n            <h3 class=\"wphal-titre\">Contact<\/h3>\n\n            <ul id=\"wphal-cont\" style=\"list-style-type: none\"><div class=\"wphal-infocontact\" id=\"wphal-infocontact0\"><li class=\"wphal-fullname\"><span>Nom : <\/span><span>Joachim Fischer<\/span><\/li><li class=\"wphal-idhal\"><span>IdHAL : <\/span><span>joachim-fischer<\/span><\/li><li class=\"wphal-cvhal\"><span>CV HAL : <\/span><a href=\"https:\/\/cv.hal.science\/joachim-fischer\" target=\"_blank\">CV de Joachim Fischer<\/a><\/li><li class=\"wphal-\"><span>ORCID : <\/span><span><a href=\"https:\/\/orcid.org\/0009-0007-4536-3402\" target=\"_blank\">0009-0007-4536-3402<\/a> ,<\/span><\/li><\/div><\/ul>\n        <\/div>\n        <div class=\"display\" id=\"wphal-disciplines\" style=\"display: none\">\n            <h3 class=\"wphal-titre\">Domains<\/h3><div id=\"listdisci\"><span id=\"tridisciplines\"><button type=\"button\" class=\"trial\" id=\"tridisci\" onclick=\"toggleSort(this, true, 'wphal-discipline', 'wphal-discipline', 'tridisci'); return false;\" style=\"font-size:16px;text-decoration: none\">Tri Alphab\u00e9tique<\/button><button type=\"button\" class=\"trioc\" id=\"trinbdisci\" onclick=\"toggleSort(this, false, 'wphal-discipline', 'wphal-discipline', 'trinbdisci'); return false;\" style=\"font-size:16px;text-decoration: none\">Tri Occurrence<\/button><\/span><ul id=\"wphal-discipline\" class=\"wphal-discipline\"><li class=\"metadata\" data-percentage=\"7\"><a href=\"https:\/\/hal.science\/search\/index\/?q=domainAllCode_s:shs.info+AND+authIdHal_s:(joachim-fischer)\" target=\"_blank\">Humanities and Social Sciences\/Library and information sciences<\/a><span class=\"wphal-nbmetadata\">7<\/span><\/li><\/ul><\/div><div id=\"wphal-graph\" style=\"display:none\"><div id=\"wphal-piedisci\"><\/div><\/div><button type=\"button\" style=\"text-decoration: none\" id=\"wphal-disci\" onclick=\"visibilitedisci('listdisci','wphal-graph','tridisciplines'); return false;\">Graph<\/button><\/div>\n        <div class=\"display\" id=\"wphal-keywords\" style=\"display: none\">\n            <h3 class=\"wphal-titre\">Keywords<\/h3><\/div>\n        <div class=\"display\" id=\"wphal-auteurs\" style=\"display: none\">\n            <h3 class=\"wphal-titre\">Authors<\/h3><\/div>\n        <div class=\"display\" id=\"wphal-affiliated\" style=\"display: none\">\n            <h3 class=\"wphal-titre\">Affiliated authors<\/h3><\/div>\n        <div class=\"display\" id=\"wphal-revues\" style=\"display: none\">\n            <h3 class=\"wphal-titre\">Journals<\/h3><\/div>\n        <div class=\"display\" id=\"wphal-annees\" style=\"display: none\">\n            <h3 class=\"wphal-titre\">Year of production<\/h3><\/div>\n        <div class=\"display\" id=\"wphal-insts\" style=\"display: none\">\n            <h3 class=\"wphal-titre\">Institutions<\/h3><\/div>\n       <div class=\"display\" id=\"wphal-labs\" style=\"display: none\">\n            <h3 class=\"wphal-titre\">Laboratories<\/h3><\/div>\n       <div class=\"display\" id=\"wphal-depts\" style=\"display: none\">\n            <h3 class=\"wphal-titre\">Departments<\/h3><\/div>\n       <div class=\"display\" id=\"wphal-equipes\" style=\"display: none\">\n            <h3 class=\"wphal-titre\">Research team<\/h3><\/div>\n    <div class=\"display\" id=\"publications\"><div class=\"counter-doc\"><span class=\"wphal-nbtot\">7 <\/span>documents<\/div><br><ul><li>Sabrina Mazigh, Joachim Fischer. Introduction. AJC CREM. <i>Actes des Doctorales du CREM 2025<\/i>, pp.8-20, 2025. <a target=\"_blank\" href=\"https:\/\/hal.science\/hal-05565230v1\">&#x27E8;hal-05565230&#x27E9;<\/a><\/li><li>Sabrina Mazigh, Joachim Fischer. Actes des doctorales du Crem 2025. <i>Doctorales du Crem 2025<\/i>, Mar 2025, Metz, France. 2025. <a target=\"_blank\" href=\"https:\/\/hal.science\/hal-05565245v1\">&#x27E8;hal-05565245&#x27E9;<\/a><\/li><li>Joachim Fischer. La Traduction de la Terre dans le discours de jeunes ing\u00e9nieurs \u00e9cologistes. <i>Doctorales du CREM<\/i>, CREM, Mar 2025, Metz, France. https:\/\/ajccrem.hypotheses.org\/files\/2025\/11\/ACTES-DOCTORALES-DU-CREM_2025_VF.pdf. <a target=\"_blank\" href=\"https:\/\/shs.hal.science\/halshs-05579224v1\">&#x27E8;halshs-05579224&#x27E9;<\/a><\/li><li>Joachim Fischer, Lucille Lamache. Signifier l\u2019urgence \u00e9cologique comme une crise de la (notion de) nature. Contestations dans les mus\u00e9es et les grandes \u00e9coles. <i>Cahiers de s\u00e9miotique des cultures<\/i>, 2025, 3, p. 39-54. <a target=\"_blank\" href=\"https:\/\/hal.science\/hal-05448239v1\">&#x27E8;hal-05448239&#x27E9;<\/a><\/li><li>Joachim Fischer. Olivier Martin, Chiffre. <i>Quaderni<\/i>, 2024, n\u00b0 112 (2), pp.107-111. <a target=\"_blank\" href=\"https:\/\/dx.doi.org\/10.3917\/quad.112.0107\">&#x27E8;10.3917\/quad.112.0107&#x27E9;<\/a>. <a target=\"_blank\" href=\"https:\/\/shs.hal.science\/halshs-05578612v1\">&#x27E8;halshs-05578612&#x27E9;<\/a><\/li><li>Priscille-La\u00ebta Atteleyn, Marie-lise Buisson, Joachim Fischer, Julien Gaillard, L\u00e9a Gruyer, et al.. Journ\u00e9e d\u2019\u00e9tude doctorale \u00ab Penser le vivant en SIC \u00bb. <i>journ\u00e9e d\u2019\u00e9tude doctorale \u00ab Penser le vivant en SIC \u00bb<\/i>, May 2024, Paris, France. 2024. <a target=\"_blank\" href=\"https:\/\/hal.science\/hal-04830972v1\">&#x27E8;hal-04830972&#x27E9;<\/a><\/li><li>Joachim Fischer. Les discours engag\u00e9s de jeunes dipl\u00f4m\u00e9s d\u2019\u00e9coles d\u2019ing\u00e9nieurs. \u00c9l\u00e9ments d\u2019analyse discursive de la bifurcation \u00e9cologique. <i>Semen - Revue de s\u00e9mio-linguistique des textes et discours<\/i>, 2024, 55, pp.21-36. <a target=\"_blank\" href=\"https:\/\/dx.doi.org\/10.4000\/137xr\">&#x27E8;10.4000\/137xr&#x27E9;<\/a>. <a target=\"_blank\" href=\"https:\/\/hal.science\/hal-05578590v1\">&#x27E8;hal-05578590&#x27E9;<\/a><\/li><\/ul><\/div>\n    <\/div>\n<\/div><div class=\"wphal-footer\"><p style=\"color:#B3B2B0\">Powered by HAL&nbsp;<a href=\"https:\/\/hal.science\/\" target=\"_blank\"><img decoding=\"async\" alt=\"logo\" src=\"https:\/\/joachimfischer.fr\/wp-content\/plugins\/hal\/img\/logo-hal.png\" style=\"width:90px\"><\/a><\/p><\/div>\n\n\n\n<p><\/p>\n","protected":false},"excerpt":{"rendered":"<p>Voici une liste de mes publications<\/p>\n","protected":false},"author":1,"featured_media":0,"parent":0,"menu_order":0,"comment_status":"closed","ping_status":"closed","template":"","meta":{"footnotes":""},"class_list":["post-39","page","type-page","status-publish","hentry"],"_links":{"self":[{"href":"https:\/\/joachimfischer.fr\/index.php\/wp-json\/wp\/v2\/pages\/39","targetHints":{"allow":["GET"]}}],"collection":[{"href":"https:\/\/joachimfischer.fr\/index.php\/wp-json\/wp\/v2\/pages"}],"about":[{"href":"https:\/\/joachimfischer.fr\/index.php\/wp-json\/wp\/v2\/types\/page"}],"author":[{"embeddable":true,"href":"https:\/\/joachimfischer.fr\/index.php\/wp-json\/wp\/v2\/users\/1"}],"replies":[{"embeddable":true,"href":"https:\/\/joachimfischer.fr\/index.php\/wp-json\/wp\/v2\/comments?post=39"}],"version-history":[{"count":4,"href":"https:\/\/joachimfischer.fr\/index.php\/wp-json\/wp\/v2\/pages\/39\/revisions"}],"predecessor-version":[{"id":57,"href":"https:\/\/joachimfischer.fr\/index.php\/wp-json\/wp\/v2\/pages\/39\/revisions\/57"}],"wp:attachment":[{"href":"https:\/\/joachimfischer.fr\/index.php\/wp-json\/wp\/v2\/media?parent=39"}],"curies":[{"name":"wp","href":"https:\/\/api.w.org\/{rel}","templated":true}]}}